{"id":28,"date":"2018-03-27T15:38:44","date_gmt":"2018-03-27T13:38:44","guid":{"rendered":"https:\/\/www.neufilz.de\/?page_id=28"},"modified":"2019-06-25T10:25:19","modified_gmt":"2019-06-25T08:25:19","slug":"leistungen","status":"publish","type":"page","link":"https:\/\/www.neufilz.de\/fr\/leistungen\/","title":{"rendered":"Prestations"},"content":{"rendered":"<p>Depuis de nombreuses d\u00e9cennies, notre entreprise fournit des feutres de laine et des feutres aiguillet\u00e9s classiques pour des applications techniques ! De plus, les tissus non-tiss\u00e9s, les toisons filtrantes, les toisons de fibres m\u00e9lang\u00e9es et beaucoup d&#8217;autres tissus techniques ainsi que le cuir et le similicuir compl\u00e8tent notre gamme de produits. En raison de nos grandes capacit\u00e9s de stockage, ces mat\u00e9riaux sont g\u00e9n\u00e9ralement disponibles \u00e0 court terme.<\/p>\n<p>Le feutre offre de multiples applications!<\/p>\n<p>Les feutres techniques sont utilis\u00e9s par exemple pour le d\u00e9capage, le freinage, la vaporisation, l&#8217;\u00e9tanch\u00e9it\u00e9, le filtrage, le rembourrage, le polissage, le nettoyage, l&#8217;aspiration, le stockage, le transfert de liquides ou le frottement, tout en respectant les souhaits pr\u00e9cis de nos clients!<\/p>\n<p><img loading=\"lazy\" decoding=\"async\" class=\"aligncenter wp-image-2118 size-full\" src=\"https:\/\/www.neufilz.de\/wp-content\/uploads\/2018\/06\/prestations_FR.png\" alt=\"\" width=\"1000\" height=\"648\" srcset=\"https:\/\/www.neufilz.de\/wp-content\/uploads\/2018\/06\/prestations_FR.png 1000w, https:\/\/www.neufilz.de\/wp-content\/uploads\/2018\/06\/prestations_FR-300x194.png 300w, https:\/\/www.neufilz.de\/wp-content\/uploads\/2018\/06\/prestations_FR-768x498.png 768w, https:\/\/www.neufilz.de\/wp-content\/uploads\/2018\/06\/prestations_FR-528x342.png 528w\" sizes=\"auto, (max-width: 1000px) 100vw, 1000px\" \/><\/p>\n<p>Notre gamme de production comprend \u00e0 la fois des feutres techniques et des produits en feutre tels que :<\/p>\n<ul>\n<li>Pi\u00e8ces poin\u00e7onn\u00e9es et moul\u00e9es fabriqu\u00e9es sur plan<\/li>\n<li>Gaines en feutre, cousu\/agglutin\u00e9 pour barres anti-rouleaux, barres de guidage, tringleries ou syst\u00e8mes de direction ou comme protection sur rouleaux de syst\u00e8mes de transport<\/li>\n<li>Bandes, bagues et m\u00e8ches en feutre<\/li>\n<li>Disques de polissage et de meulage, crayons \u00e0 polir<\/li>\n<li>Raclettes en feutre<\/li>\n<li>D\u00e9coupes en feutre<\/li>\n<li>Marchandise sur bandes d\u00e9roulables et rouleaux<\/li>\n<\/ul>\n<p>Selon les souhaits de nos clients nous pouvons \u00e9quiper nos produits avec des options en les adaptant aux usages correspondants, peu importe s&#8217;ils doivent \u00eatre<\/p>\n<ul>\n<li>Auto-adh\u00e9sives simple ou double face ou<\/li>\n<li>Anti-d\u00e9rapants,<\/li>\n<li>Hydrofuges,<\/li>\n<li>Antistatiques,<\/li>\n<li>Ignifuges.<\/li>\n<\/ul>\n<p>Nos capacit\u00e9s de production nous permettent de r\u00e9aliser de grandes \u00e0 tr\u00e8s grandes quantit\u00e9s dans des d\u00e9lais courts. Mais nous sommes \u00e9galement pr\u00e9par\u00e9s pour de tr\u00e8s petites et petites quantit\u00e9s. Nous appliquons le principe de la redondance en ce qui concerne les salari\u00e9s, les processus, les machines et les sites. De plus, la production est maintenue en permanence gr\u00e2ce \u00e0 une maintenance pr\u00e9ventive syst\u00e9matique. Les temps d&#8217;arr\u00eat de production ne sont donc pas perceptibles pour nos clients.<\/p>\n<p>Outre le programme de production susmentionn\u00e9, nous proposons une large gamme de solutions pour les applications les plus diverses, par exemple l&#8217;emballage ou le mat\u00e9riel publicitaire. Contactez-nous, nous vous conseillerons volontiers. Ensemble, nous trouverons une solution qui r\u00e9pondra \u00e0 vos id\u00e9es!<\/p>\n","protected":false},"excerpt":{"rendered":"<p>Depuis de nombreuses d\u00e9cennies, notre entreprise fournit des feutres de laine et des feutres aiguillet\u00e9s classiques pour des applications techniques ! De plus, les tissus non-tiss\u00e9s, les toisons filtrantes, les toisons de fibres m\u00e9lang\u00e9es et beaucoup d&#8217;autres tissus techniques ainsi que le cuir et le similicuir compl\u00e8tent notre gamme de produits. En raison de nos [&hellip;]<\/p>\n","protected":false},"author":1,"featured_media":0,"parent":0,"menu_order":0,"comment_status":"closed","ping_status":"closed","template":"","meta":{"_acf_changed":false,"footnotes":""},"class_list":["post-28","page","type-page","status-publish","hentry"],"translation":{"provider":"WPGlobus","version":"3.0.2","language":"fr","enabled_languages":["de","en","fr"],"languages":{"de":{"title":true,"content":true,"excerpt":false},"en":{"title":true,"content":true,"excerpt":false},"fr":{"title":true,"content":true,"excerpt":false}}},"acf":[],"yoast_head":"<!-- This site is optimized with the Yoast SEO plugin v27.5 - https:\/\/yoast.com\/product\/yoast-seo-wordpress\/ -->\n<title>Prestations - Filzfabrik Gustav Neumann GmbH<\/title>\n<meta name=\"robots\" content=\"index, follow, max-snippet:-1, max-image-preview:large, max-video-preview:-1\" \/>\n<link rel=\"canonical\" href=\"https:\/\/www.neufilz.de\/leistungen\/\" \/>\n<meta property=\"og:locale\" content=\"fr_FR\" \/>\n<meta property=\"og:type\" content=\"article\" \/>\n<meta property=\"og:title\" content=\"Prestations - Filzfabrik Gustav Neumann GmbH\" \/>\n<meta property=\"og:url\" content=\"https:\/\/www.neufilz.de\/leistungen\/\" \/>\n<meta property=\"og:site_name\" content=\"Filzfabrik Gustav Neumann GmbH\" \/>\n<meta property=\"article:modified_time\" content=\"2019-06-25T08:25:19+00:00\" \/>\n<meta property=\"og:image\" content=\"https:\/\/www.neufilz.de\/wp-content\/uploads\/2018\/06\/Leistungen_DE.png\" \/>\n<meta name=\"twitter:card\" content=\"summary_large_image\" \/>\n<meta name=\"twitter:label1\" content=\"Est. reading time\" \/>\n\t<meta name=\"twitter:data1\" content=\"5 minutes\" \/>\n<script type=\"application\/ld+json\" class=\"yoast-schema-graph\">{\"@context\":\"https:\\\/\\\/schema.org\",\"@graph\":[{\"@type\":\"WebPage\",\"@id\":\"https:\\\/\\\/www.neufilz.de\\\/leistungen\\\/\",\"url\":\"https:\\\/\\\/www.neufilz.de\\\/leistungen\\\/\",\"name\":\"Prestations - Filzfabrik Gustav Neumann GmbH\",\"isPartOf\":{\"@id\":\"https:\\\/\\\/www.neufilz.de\\\/#website\"},\"primaryImageOfPage\":{\"@id\":\"https:\\\/\\\/www.neufilz.de\\\/leistungen\\\/#primaryimage\"},\"image\":{\"@id\":\"https:\\\/\\\/www.neufilz.de\\\/leistungen\\\/#primaryimage\"},\"thumbnailUrl\":\"https:\\\/\\\/www.neufilz.de\\\/wp-content\\\/uploads\\\/2018\\\/06\\\/Leistungen_DE.png\",\"datePublished\":\"2018-03-27T13:38:44+00:00\",\"dateModified\":\"2019-06-25T08:25:19+00:00\",\"breadcrumb\":{\"@id\":\"https:\\\/\\\/www.neufilz.de\\\/leistungen\\\/#breadcrumb\"},\"inLanguage\":\"fr-FR\",\"potentialAction\":[{\"@type\":\"ReadAction\",\"target\":[\"https:\\\/\\\/www.neufilz.de\\\/leistungen\\\/\"]}]},{\"@type\":\"ImageObject\",\"inLanguage\":\"fr-FR\",\"@id\":\"https:\\\/\\\/www.neufilz.de\\\/leistungen\\\/#primaryimage\",\"url\":\"https:\\\/\\\/www.neufilz.de\\\/wp-content\\\/uploads\\\/2018\\\/06\\\/Leistungen_DE.png\",\"contentUrl\":\"https:\\\/\\\/www.neufilz.de\\\/wp-content\\\/uploads\\\/2018\\\/06\\\/Leistungen_DE.png\"},{\"@type\":\"BreadcrumbList\",\"@id\":\"https:\\\/\\\/www.neufilz.de\\\/leistungen\\\/#breadcrumb\",\"itemListElement\":[{\"@type\":\"ListItem\",\"position\":1,\"name\":\"Startseite\",\"item\":\"https:\\\/\\\/www.neufilz.de\\\/\"},{\"@type\":\"ListItem\",\"position\":2,\"name\":\"Leistungen\"}]},{\"@type\":\"WebSite\",\"@id\":\"https:\\\/\\\/www.neufilz.de\\\/#website\",\"url\":\"https:\\\/\\\/www.neufilz.de\\\/\",\"name\":\"Filzfabrik Gustav Neumann GmbH\",\"description\":\"\",\"publisher\":{\"@id\":\"https:\\\/\\\/www.neufilz.de\\\/#organization\"},\"potentialAction\":[{\"@type\":\"SearchAction\",\"target\":{\"@type\":\"EntryPoint\",\"urlTemplate\":\"https:\\\/\\\/www.neufilz.de\\\/?s={search_term_string}\"},\"query-input\":{\"@type\":\"PropertyValueSpecification\",\"valueRequired\":true,\"valueName\":\"search_term_string\"}}],\"inLanguage\":\"fr-FR\"},{\"@type\":\"Organization\",\"@id\":\"https:\\\/\\\/www.neufilz.de\\\/#organization\",\"name\":\"Filzfabrik Gustav Neumann GmbH\",\"url\":\"https:\\\/\\\/www.neufilz.de\\\/\",\"logo\":{\"@type\":\"ImageObject\",\"inLanguage\":\"fr-FR\",\"@id\":\"https:\\\/\\\/www.neufilz.de\\\/#\\\/schema\\\/logo\\\/image\\\/\",\"url\":\"https:\\\/\\\/www.neufilz.de\\\/wp-content\\\/uploads\\\/2018\\\/05\\\/FilzNeumann_Logo.svg\",\"contentUrl\":\"https:\\\/\\\/www.neufilz.de\\\/wp-content\\\/uploads\\\/2018\\\/05\\\/FilzNeumann_Logo.svg\",\"width\":75.12,\"height\":96.94,\"caption\":\"Filzfabrik Gustav Neumann GmbH\"},\"image\":{\"@id\":\"https:\\\/\\\/www.neufilz.de\\\/#\\\/schema\\\/logo\\\/image\\\/\"}}]}<\/script>\n<!-- \/ Yoast SEO plugin. -->","yoast_head_json":{"title":"Prestations - Filzfabrik Gustav Neumann GmbH","robots":{"index":"index","follow":"follow","max-snippet":"max-snippet:-1","max-image-preview":"max-image-preview:large","max-video-preview":"max-video-preview:-1"},"canonical":"https:\/\/www.neufilz.de\/leistungen\/","og_locale":"fr_FR","og_type":"article","og_title":"Prestations - Filzfabrik Gustav Neumann GmbH","og_url":"https:\/\/www.neufilz.de\/leistungen\/","og_site_name":"Filzfabrik Gustav Neumann GmbH","article_modified_time":"2019-06-25T08:25:19+00:00","og_image":[{"url":"https:\/\/www.neufilz.de\/wp-content\/uploads\/2018\/06\/Leistungen_DE.png","type":"","width":"","height":""}],"twitter_card":"summary_large_image","twitter_misc":{"Est. reading time":"5 minutes"},"schema":{"@context":"https:\/\/schema.org","@graph":[{"@type":"WebPage","@id":"https:\/\/www.neufilz.de\/leistungen\/","url":"https:\/\/www.neufilz.de\/leistungen\/","name":"Prestations - Filzfabrik Gustav Neumann GmbH","isPartOf":{"@id":"https:\/\/www.neufilz.de\/#website"},"primaryImageOfPage":{"@id":"https:\/\/www.neufilz.de\/leistungen\/#primaryimage"},"image":{"@id":"https:\/\/www.neufilz.de\/leistungen\/#primaryimage"},"thumbnailUrl":"https:\/\/www.neufilz.de\/wp-content\/uploads\/2018\/06\/Leistungen_DE.png","datePublished":"2018-03-27T13:38:44+00:00","dateModified":"2019-06-25T08:25:19+00:00","breadcrumb":{"@id":"https:\/\/www.neufilz.de\/leistungen\/#breadcrumb"},"inLanguage":"fr-FR","potentialAction":[{"@type":"ReadAction","target":["https:\/\/www.neufilz.de\/leistungen\/"]}]},{"@type":"ImageObject","inLanguage":"fr-FR","@id":"https:\/\/www.neufilz.de\/leistungen\/#primaryimage","url":"https:\/\/www.neufilz.de\/wp-content\/uploads\/2018\/06\/Leistungen_DE.png","contentUrl":"https:\/\/www.neufilz.de\/wp-content\/uploads\/2018\/06\/Leistungen_DE.png"},{"@type":"BreadcrumbList","@id":"https:\/\/www.neufilz.de\/leistungen\/#breadcrumb","itemListElement":[{"@type":"ListItem","position":1,"name":"Startseite","item":"https:\/\/www.neufilz.de\/"},{"@type":"ListItem","position":2,"name":"Leistungen"}]},{"@type":"WebSite","@id":"https:\/\/www.neufilz.de\/#website","url":"https:\/\/www.neufilz.de\/","name":"Filzfabrik Gustav Neumann GmbH","description":"","publisher":{"@id":"https:\/\/www.neufilz.de\/#organization"},"potentialAction":[{"@type":"SearchAction","target":{"@type":"EntryPoint","urlTemplate":"https:\/\/www.neufilz.de\/?s={search_term_string}"},"query-input":{"@type":"PropertyValueSpecification","valueRequired":true,"valueName":"search_term_string"}}],"inLanguage":"fr-FR"},{"@type":"Organization","@id":"https:\/\/www.neufilz.de\/#organization","name":"Filzfabrik Gustav Neumann GmbH","url":"https:\/\/www.neufilz.de\/","logo":{"@type":"ImageObject","inLanguage":"fr-FR","@id":"https:\/\/www.neufilz.de\/#\/schema\/logo\/image\/","url":"https:\/\/www.neufilz.de\/wp-content\/uploads\/2018\/05\/FilzNeumann_Logo.svg","contentUrl":"https:\/\/www.neufilz.de\/wp-content\/uploads\/2018\/05\/FilzNeumann_Logo.svg","width":75.12,"height":96.94,"caption":"Filzfabrik Gustav Neumann GmbH"},"image":{"@id":"https:\/\/www.neufilz.de\/#\/schema\/logo\/image\/"}}]}},"_links":{"self":[{"href":"https:\/\/www.neufilz.de\/fr\/wp-json\/wp\/v2\/pages\/28","targetHints":{"allow":["GET"]}}],"collection":[{"href":"https:\/\/www.neufilz.de\/fr\/wp-json\/wp\/v2\/pages"}],"about":[{"href":"https:\/\/www.neufilz.de\/fr\/wp-json\/wp\/v2\/types\/page"}],"author":[{"embeddable":true,"href":"https:\/\/www.neufilz.de\/fr\/wp-json\/wp\/v2\/users\/1"}],"replies":[{"embeddable":true,"href":"https:\/\/www.neufilz.de\/fr\/wp-json\/wp\/v2\/comments?post=28"}],"version-history":[{"count":15,"href":"https:\/\/www.neufilz.de\/fr\/wp-json\/wp\/v2\/pages\/28\/revisions"}],"predecessor-version":[{"id":3656,"href":"https:\/\/www.neufilz.de\/fr\/wp-json\/wp\/v2\/pages\/28\/revisions\/3656"}],"wp:attachment":[{"href":"https:\/\/www.neufilz.de\/fr\/wp-json\/wp\/v2\/media?parent=28"}],"curies":[{"name":"wp","href":"https:\/\/api.w.org\/{rel}","templated":true}]}}