{"id":32,"date":"2018-03-27T15:39:27","date_gmt":"2018-03-27T13:39:27","guid":{"rendered":"https:\/\/www.neufilz.de\/?page_id=32"},"modified":"2019-06-25T10:34:37","modified_gmt":"2019-06-25T08:34:37","slug":"branchen","status":"publish","type":"page","link":"https:\/\/www.neufilz.de\/fr\/branchen\/","title":{"rendered":"Industries"},"content":{"rendered":"<p>Nos feutres techniques et produits en feutre sont utilis\u00e9s dans divers secteurs et branches industrielles. En fait, comme il s\u2019agit de tant de branches, nous ne sommes en mesure de livrer une liste exhaustive! Cela vaut \u00e9galement pour la diversit\u00e9 des applications. Une s\u00e9lection de branches sera pr\u00e9sent\u00e9e comme suit.<\/p>\n<p><img loading=\"lazy\" decoding=\"async\" class=\"aligncenter wp-image-2113 size-full\" src=\"https:\/\/www.neufilz.de\/wp-content\/uploads\/2018\/06\/industries_FR.png\" alt=\"\" width=\"1000\" height=\"876\" srcset=\"https:\/\/www.neufilz.de\/wp-content\/uploads\/2018\/06\/industries_FR.png 1000w, https:\/\/www.neufilz.de\/wp-content\/uploads\/2018\/06\/industries_FR-300x263.png 300w, https:\/\/www.neufilz.de\/wp-content\/uploads\/2018\/06\/industries_FR-768x673.png 768w, https:\/\/www.neufilz.de\/wp-content\/uploads\/2018\/06\/industries_FR-528x463.png 528w\" sizes=\"auto, (max-width: 1000px) 100vw, 1000px\" \/><\/p>\n<p>Par contre, nous ne cessons de souligner l\u2019importance de chaque secteur d\u2019industrie et chaque client ! Toute application a ses propres caract\u00e9ristiques et le mat\u00e9riau feutre est appropri\u00e9 pour des fins diverses. Gr\u00e2ce \u00e0 ses propri\u00e9t\u00e9s excellentes et nombreuses, le feutre convient \u00e0 une grande vari\u00e9t\u00e9 d&#8217;applications. Par cons\u00e9quent, les feutres techniques n&#8217;ont pas besoin de se cacher derri\u00e8re les plastiques modernes, les mousses, les mat\u00e9riaux floqu\u00e9s ou le caoutchouc. Pour de nombreuses applications, les feutres ont des propri\u00e9t\u00e9s de produit encore meilleures.<\/p>\n<p>Le feutre, naturellement bon!<\/p>\n<p>En tant que partenaire fiable, c\u2019est toute notre \u00e9quipe, une bonne connaissance des mat\u00e9riaux et des d\u00e9cennies d&#8217;exp\u00e9rience qui sont \u00e0 votre disposition afin de trouver une solution \u00e0 vos probl\u00e8mes!<\/p>\n<p>Vos id\u00e9es et souhaits seront concr\u00e9tis\u00e9s par des interlocuteurs comp\u00e9tents et en \u00e9troite collaboration avec vous. Gr\u00e2ce \u00e0 nos installations de production modernes, nous sommes en mesure de produire efficacement de tr\u00e8s petites, petites ou grandes s\u00e9ries.<\/p>\n","protected":false},"excerpt":{"rendered":"<p>Nos feutres techniques et produits en feutre sont utilis\u00e9s dans divers secteurs et branches industrielles. En fait, comme il s\u2019agit de tant de branches, nous ne sommes en mesure de livrer une liste exhaustive! Cela vaut \u00e9galement pour la diversit\u00e9 des applications. Une s\u00e9lection de branches sera pr\u00e9sent\u00e9e comme suit. Par contre, nous ne cessons [&hellip;]<\/p>\n","protected":false},"author":1,"featured_media":0,"parent":0,"menu_order":0,"comment_status":"closed","ping_status":"closed","template":"","meta":{"_acf_changed":false,"footnotes":""},"class_list":["post-32","page","type-page","status-publish","hentry"],"translation":{"provider":"WPGlobus","version":"3.0.2","language":"fr","enabled_languages":["de","en","fr"],"languages":{"de":{"title":true,"content":true,"excerpt":false},"en":{"title":true,"content":true,"excerpt":false},"fr":{"title":true,"content":true,"excerpt":false}}},"acf":[],"yoast_head":"<!-- This site is optimized with the Yoast SEO plugin v27.5 - https:\/\/yoast.com\/product\/yoast-seo-wordpress\/ -->\n<title>Industries - Filzfabrik Gustav Neumann GmbH<\/title>\n<meta name=\"robots\" content=\"index, follow, max-snippet:-1, max-image-preview:large, max-video-preview:-1\" \/>\n<link rel=\"canonical\" href=\"https:\/\/www.neufilz.de\/branchen\/\" \/>\n<meta property=\"og:locale\" content=\"fr_FR\" \/>\n<meta property=\"og:type\" content=\"article\" \/>\n<meta property=\"og:title\" content=\"Industries - Filzfabrik Gustav Neumann GmbH\" \/>\n<meta property=\"og:url\" content=\"https:\/\/www.neufilz.de\/branchen\/\" \/>\n<meta property=\"og:site_name\" content=\"Filzfabrik Gustav Neumann GmbH\" \/>\n<meta property=\"article:modified_time\" content=\"2019-06-25T08:34:37+00:00\" \/>\n<meta property=\"og:image\" content=\"https:\/\/www.neufilz.de\/wp-content\/uploads\/2018\/06\/Branchen_DE.png\" \/>\n<meta name=\"twitter:card\" content=\"summary_large_image\" \/>\n<meta name=\"twitter:label1\" content=\"Est. reading time\" \/>\n\t<meta name=\"twitter:data1\" content=\"3 minutes\" \/>\n<script type=\"application\/ld+json\" class=\"yoast-schema-graph\">{\"@context\":\"https:\\\/\\\/schema.org\",\"@graph\":[{\"@type\":\"WebPage\",\"@id\":\"https:\\\/\\\/www.neufilz.de\\\/branchen\\\/\",\"url\":\"https:\\\/\\\/www.neufilz.de\\\/branchen\\\/\",\"name\":\"Industries - Filzfabrik Gustav Neumann GmbH\",\"isPartOf\":{\"@id\":\"https:\\\/\\\/www.neufilz.de\\\/#website\"},\"primaryImageOfPage\":{\"@id\":\"https:\\\/\\\/www.neufilz.de\\\/branchen\\\/#primaryimage\"},\"image\":{\"@id\":\"https:\\\/\\\/www.neufilz.de\\\/branchen\\\/#primaryimage\"},\"thumbnailUrl\":\"https:\\\/\\\/www.neufilz.de\\\/wp-content\\\/uploads\\\/2018\\\/06\\\/Branchen_DE.png\",\"datePublished\":\"2018-03-27T13:39:27+00:00\",\"dateModified\":\"2019-06-25T08:34:37+00:00\",\"breadcrumb\":{\"@id\":\"https:\\\/\\\/www.neufilz.de\\\/branchen\\\/#breadcrumb\"},\"inLanguage\":\"fr-FR\",\"potentialAction\":[{\"@type\":\"ReadAction\",\"target\":[\"https:\\\/\\\/www.neufilz.de\\\/branchen\\\/\"]}]},{\"@type\":\"ImageObject\",\"inLanguage\":\"fr-FR\",\"@id\":\"https:\\\/\\\/www.neufilz.de\\\/branchen\\\/#primaryimage\",\"url\":\"https:\\\/\\\/www.neufilz.de\\\/wp-content\\\/uploads\\\/2018\\\/06\\\/Branchen_DE.png\",\"contentUrl\":\"https:\\\/\\\/www.neufilz.de\\\/wp-content\\\/uploads\\\/2018\\\/06\\\/Branchen_DE.png\"},{\"@type\":\"BreadcrumbList\",\"@id\":\"https:\\\/\\\/www.neufilz.de\\\/branchen\\\/#breadcrumb\",\"itemListElement\":[{\"@type\":\"ListItem\",\"position\":1,\"name\":\"Startseite\",\"item\":\"https:\\\/\\\/www.neufilz.de\\\/\"},{\"@type\":\"ListItem\",\"position\":2,\"name\":\"Branchen\"}]},{\"@type\":\"WebSite\",\"@id\":\"https:\\\/\\\/www.neufilz.de\\\/#website\",\"url\":\"https:\\\/\\\/www.neufilz.de\\\/\",\"name\":\"Filzfabrik Gustav Neumann GmbH\",\"description\":\"\",\"publisher\":{\"@id\":\"https:\\\/\\\/www.neufilz.de\\\/#organization\"},\"potentialAction\":[{\"@type\":\"SearchAction\",\"target\":{\"@type\":\"EntryPoint\",\"urlTemplate\":\"https:\\\/\\\/www.neufilz.de\\\/?s={search_term_string}\"},\"query-input\":{\"@type\":\"PropertyValueSpecification\",\"valueRequired\":true,\"valueName\":\"search_term_string\"}}],\"inLanguage\":\"fr-FR\"},{\"@type\":\"Organization\",\"@id\":\"https:\\\/\\\/www.neufilz.de\\\/#organization\",\"name\":\"Filzfabrik Gustav Neumann GmbH\",\"url\":\"https:\\\/\\\/www.neufilz.de\\\/\",\"logo\":{\"@type\":\"ImageObject\",\"inLanguage\":\"fr-FR\",\"@id\":\"https:\\\/\\\/www.neufilz.de\\\/#\\\/schema\\\/logo\\\/image\\\/\",\"url\":\"https:\\\/\\\/www.neufilz.de\\\/wp-content\\\/uploads\\\/2018\\\/05\\\/FilzNeumann_Logo.svg\",\"contentUrl\":\"https:\\\/\\\/www.neufilz.de\\\/wp-content\\\/uploads\\\/2018\\\/05\\\/FilzNeumann_Logo.svg\",\"width\":75.12,\"height\":96.94,\"caption\":\"Filzfabrik Gustav Neumann GmbH\"},\"image\":{\"@id\":\"https:\\\/\\\/www.neufilz.de\\\/#\\\/schema\\\/logo\\\/image\\\/\"}}]}<\/script>\n<!-- \/ Yoast SEO plugin. -->","yoast_head_json":{"title":"Industries - Filzfabrik Gustav Neumann GmbH","robots":{"index":"index","follow":"follow","max-snippet":"max-snippet:-1","max-image-preview":"max-image-preview:large","max-video-preview":"max-video-preview:-1"},"canonical":"https:\/\/www.neufilz.de\/branchen\/","og_locale":"fr_FR","og_type":"article","og_title":"Industries - Filzfabrik Gustav Neumann GmbH","og_url":"https:\/\/www.neufilz.de\/branchen\/","og_site_name":"Filzfabrik Gustav Neumann GmbH","article_modified_time":"2019-06-25T08:34:37+00:00","og_image":[{"url":"https:\/\/www.neufilz.de\/wp-content\/uploads\/2018\/06\/Branchen_DE.png","type":"","width":"","height":""}],"twitter_card":"summary_large_image","twitter_misc":{"Est. reading time":"3 minutes"},"schema":{"@context":"https:\/\/schema.org","@graph":[{"@type":"WebPage","@id":"https:\/\/www.neufilz.de\/branchen\/","url":"https:\/\/www.neufilz.de\/branchen\/","name":"Industries - Filzfabrik Gustav Neumann GmbH","isPartOf":{"@id":"https:\/\/www.neufilz.de\/#website"},"primaryImageOfPage":{"@id":"https:\/\/www.neufilz.de\/branchen\/#primaryimage"},"image":{"@id":"https:\/\/www.neufilz.de\/branchen\/#primaryimage"},"thumbnailUrl":"https:\/\/www.neufilz.de\/wp-content\/uploads\/2018\/06\/Branchen_DE.png","datePublished":"2018-03-27T13:39:27+00:00","dateModified":"2019-06-25T08:34:37+00:00","breadcrumb":{"@id":"https:\/\/www.neufilz.de\/branchen\/#breadcrumb"},"inLanguage":"fr-FR","potentialAction":[{"@type":"ReadAction","target":["https:\/\/www.neufilz.de\/branchen\/"]}]},{"@type":"ImageObject","inLanguage":"fr-FR","@id":"https:\/\/www.neufilz.de\/branchen\/#primaryimage","url":"https:\/\/www.neufilz.de\/wp-content\/uploads\/2018\/06\/Branchen_DE.png","contentUrl":"https:\/\/www.neufilz.de\/wp-content\/uploads\/2018\/06\/Branchen_DE.png"},{"@type":"BreadcrumbList","@id":"https:\/\/www.neufilz.de\/branchen\/#breadcrumb","itemListElement":[{"@type":"ListItem","position":1,"name":"Startseite","item":"https:\/\/www.neufilz.de\/"},{"@type":"ListItem","position":2,"name":"Branchen"}]},{"@type":"WebSite","@id":"https:\/\/www.neufilz.de\/#website","url":"https:\/\/www.neufilz.de\/","name":"Filzfabrik Gustav Neumann GmbH","description":"","publisher":{"@id":"https:\/\/www.neufilz.de\/#organization"},"potentialAction":[{"@type":"SearchAction","target":{"@type":"EntryPoint","urlTemplate":"https:\/\/www.neufilz.de\/?s={search_term_string}"},"query-input":{"@type":"PropertyValueSpecification","valueRequired":true,"valueName":"search_term_string"}}],"inLanguage":"fr-FR"},{"@type":"Organization","@id":"https:\/\/www.neufilz.de\/#organization","name":"Filzfabrik Gustav Neumann GmbH","url":"https:\/\/www.neufilz.de\/","logo":{"@type":"ImageObject","inLanguage":"fr-FR","@id":"https:\/\/www.neufilz.de\/#\/schema\/logo\/image\/","url":"https:\/\/www.neufilz.de\/wp-content\/uploads\/2018\/05\/FilzNeumann_Logo.svg","contentUrl":"https:\/\/www.neufilz.de\/wp-content\/uploads\/2018\/05\/FilzNeumann_Logo.svg","width":75.12,"height":96.94,"caption":"Filzfabrik Gustav Neumann GmbH"},"image":{"@id":"https:\/\/www.neufilz.de\/#\/schema\/logo\/image\/"}}]}},"_links":{"self":[{"href":"https:\/\/www.neufilz.de\/fr\/wp-json\/wp\/v2\/pages\/32","targetHints":{"allow":["GET"]}}],"collection":[{"href":"https:\/\/www.neufilz.de\/fr\/wp-json\/wp\/v2\/pages"}],"about":[{"href":"https:\/\/www.neufilz.de\/fr\/wp-json\/wp\/v2\/types\/page"}],"author":[{"embeddable":true,"href":"https:\/\/www.neufilz.de\/fr\/wp-json\/wp\/v2\/users\/1"}],"replies":[{"embeddable":true,"href":"https:\/\/www.neufilz.de\/fr\/wp-json\/wp\/v2\/comments?post=32"}],"version-history":[{"count":28,"href":"https:\/\/www.neufilz.de\/fr\/wp-json\/wp\/v2\/pages\/32\/revisions"}],"predecessor-version":[{"id":3483,"href":"https:\/\/www.neufilz.de\/fr\/wp-json\/wp\/v2\/pages\/32\/revisions\/3483"}],"wp:attachment":[{"href":"https:\/\/www.neufilz.de\/fr\/wp-json\/wp\/v2\/media?parent=32"}],"curies":[{"name":"wp","href":"https:\/\/api.w.org\/{rel}","templated":true}]}}