{"id":54,"date":"2018-03-27T15:42:35","date_gmt":"2018-03-27T13:42:35","guid":{"rendered":"https:\/\/www.neufilz.de\/?page_id=54"},"modified":"2019-06-26T10:35:07","modified_gmt":"2019-06-26T08:35:07","slug":"anwendungen","status":"publish","type":"page","link":"https:\/\/www.neufilz.de\/fr\/filz\/anwendungen\/","title":{"rendered":"Applications"},"content":{"rendered":"<p>Saviez-vous que le feutre est un v\u00e9ritable \u201cmulti talent\u201d?<\/p>\n<p>Le feutre est une mati\u00e8re premi\u00e8re naturellement renouvelable depuis des milliers d&#8217;ann\u00e9es. Il prot\u00e8ge les objets et isole contre la chaleur et le froid, prot\u00e8ge de la poussi\u00e8re et de la salet\u00e9 et isole et att\u00e9nue les bruits. Le feutre r\u00e9siste \u00e0 la temp\u00e9rature et aux rayonnements UV. Il est difficilement inflammable et agr\u00e9able pour la peau. Le feutre r\u00e9siste aux acides ou aux alcalis et agit comme r\u00e9gulateur d&#8217;humidit\u00e9. Le feutre r\u00e9siste aux charges statiques et amortit des vibrations.<\/p>\n<p><img loading=\"lazy\" decoding=\"async\" class=\"aligncenter wp-image-2108 size-full\" src=\"https:\/\/www.neufilz.de\/wp-content\/uploads\/2018\/06\/applications_FR.png\" alt=\"\" width=\"1000\" height=\"829\" srcset=\"https:\/\/www.neufilz.de\/wp-content\/uploads\/2018\/06\/applications_FR.png 1000w, https:\/\/www.neufilz.de\/wp-content\/uploads\/2018\/06\/applications_FR-300x249.png 300w, https:\/\/www.neufilz.de\/wp-content\/uploads\/2018\/06\/applications_FR-768x637.png 768w, https:\/\/www.neufilz.de\/wp-content\/uploads\/2018\/06\/applications_FR-528x438.png 528w\" sizes=\"auto, (max-width: 1000px) 100vw, 1000px\" \/><\/p>\n<p>Entre-temps, le feutre est devenu plus qu&#8217;un simple &#8220;pionnier&#8221; et n&#8217;est pas seulement utilis\u00e9 pour l&#8217;am\u00e9nagement int\u00e9rieur. Le nombre d&#8217;applications techniques augmente. \u00c0 long terme, le feutre synth\u00e9tique remplacera les produits synth\u00e9tiques.<\/p>\n<p>Il n&#8217;y a presque aucune limitation aux fonctions que le feutre peut accomplir!<\/p>\n<p>On peut trouver des produits en feutre dans presque toutes les industries et il n&#8217;y a pratiquement aucun domaine de notre vie o\u00f9 nous ne trouvons pas de produits en feutre &#8211; m\u00eame si nous ne le reconnaissons pas \u00e0 premi\u00e8re vue.<\/p>\n","protected":false},"excerpt":{"rendered":"<p>Saviez-vous que le feutre est un v\u00e9ritable \u201cmulti talent\u201d? Le feutre est une mati\u00e8re premi\u00e8re naturellement renouvelable depuis des milliers d&#8217;ann\u00e9es. Il prot\u00e8ge les objets et isole contre la chaleur et le froid, prot\u00e8ge de la poussi\u00e8re et de la salet\u00e9 et isole et att\u00e9nue les bruits. Le feutre r\u00e9siste \u00e0 la temp\u00e9rature et aux [&hellip;]<\/p>\n","protected":false},"author":1,"featured_media":0,"parent":665,"menu_order":0,"comment_status":"closed","ping_status":"closed","template":"","meta":{"_acf_changed":false,"footnotes":""},"class_list":["post-54","page","type-page","status-publish","hentry"],"translation":{"provider":"WPGlobus","version":"3.0.2","language":"fr","enabled_languages":["de","en","fr"],"languages":{"de":{"title":true,"content":true,"excerpt":false},"en":{"title":true,"content":true,"excerpt":false},"fr":{"title":true,"content":true,"excerpt":false}}},"acf":[],"yoast_head":"<!-- This site is optimized with the Yoast SEO plugin v27.5 - https:\/\/yoast.com\/product\/yoast-seo-wordpress\/ -->\n<title>Applications - Filzfabrik Gustav Neumann GmbH<\/title>\n<meta name=\"robots\" content=\"index, follow, max-snippet:-1, max-image-preview:large, max-video-preview:-1\" \/>\n<link rel=\"canonical\" href=\"https:\/\/www.neufilz.de\/filz\/anwendungen\/\" \/>\n<meta property=\"og:locale\" content=\"fr_FR\" \/>\n<meta property=\"og:type\" content=\"article\" \/>\n<meta property=\"og:title\" content=\"Applications - Filzfabrik Gustav Neumann GmbH\" \/>\n<meta property=\"og:url\" content=\"https:\/\/www.neufilz.de\/filz\/anwendungen\/\" \/>\n<meta property=\"og:site_name\" content=\"Filzfabrik Gustav Neumann GmbH\" \/>\n<meta property=\"article:modified_time\" content=\"2019-06-26T08:35:07+00:00\" \/>\n<meta property=\"og:image\" content=\"https:\/\/www.neufilz.de\/wp-content\/uploads\/2018\/06\/Anwendungen_DE.png\" \/>\n<meta name=\"twitter:card\" content=\"summary_large_image\" \/>\n<meta name=\"twitter:label1\" content=\"Est. reading time\" \/>\n\t<meta name=\"twitter:data1\" content=\"3 minutes\" \/>\n<script type=\"application\/ld+json\" class=\"yoast-schema-graph\">{\"@context\":\"https:\\\/\\\/schema.org\",\"@graph\":[{\"@type\":\"WebPage\",\"@id\":\"https:\\\/\\\/www.neufilz.de\\\/filz\\\/anwendungen\\\/\",\"url\":\"https:\\\/\\\/www.neufilz.de\\\/filz\\\/anwendungen\\\/\",\"name\":\"Applications - Filzfabrik Gustav Neumann GmbH\",\"isPartOf\":{\"@id\":\"https:\\\/\\\/www.neufilz.de\\\/#website\"},\"primaryImageOfPage\":{\"@id\":\"https:\\\/\\\/www.neufilz.de\\\/filz\\\/anwendungen\\\/#primaryimage\"},\"image\":{\"@id\":\"https:\\\/\\\/www.neufilz.de\\\/filz\\\/anwendungen\\\/#primaryimage\"},\"thumbnailUrl\":\"https:\\\/\\\/www.neufilz.de\\\/wp-content\\\/uploads\\\/2018\\\/06\\\/Anwendungen_DE.png\",\"datePublished\":\"2018-03-27T13:42:35+00:00\",\"dateModified\":\"2019-06-26T08:35:07+00:00\",\"breadcrumb\":{\"@id\":\"https:\\\/\\\/www.neufilz.de\\\/filz\\\/anwendungen\\\/#breadcrumb\"},\"inLanguage\":\"fr-FR\",\"potentialAction\":[{\"@type\":\"ReadAction\",\"target\":[\"https:\\\/\\\/www.neufilz.de\\\/filz\\\/anwendungen\\\/\"]}]},{\"@type\":\"ImageObject\",\"inLanguage\":\"fr-FR\",\"@id\":\"https:\\\/\\\/www.neufilz.de\\\/filz\\\/anwendungen\\\/#primaryimage\",\"url\":\"https:\\\/\\\/www.neufilz.de\\\/wp-content\\\/uploads\\\/2018\\\/06\\\/Anwendungen_DE.png\",\"contentUrl\":\"https:\\\/\\\/www.neufilz.de\\\/wp-content\\\/uploads\\\/2018\\\/06\\\/Anwendungen_DE.png\"},{\"@type\":\"BreadcrumbList\",\"@id\":\"https:\\\/\\\/www.neufilz.de\\\/filz\\\/anwendungen\\\/#breadcrumb\",\"itemListElement\":[{\"@type\":\"ListItem\",\"position\":1,\"name\":\"Startseite\",\"item\":\"https:\\\/\\\/www.neufilz.de\\\/\"},{\"@type\":\"ListItem\",\"position\":2,\"name\":\"Filz\",\"item\":\"https:\\\/\\\/www.neufilz.de\\\/filz\\\/\"},{\"@type\":\"ListItem\",\"position\":3,\"name\":\"Anwendungen\"}]},{\"@type\":\"WebSite\",\"@id\":\"https:\\\/\\\/www.neufilz.de\\\/#website\",\"url\":\"https:\\\/\\\/www.neufilz.de\\\/\",\"name\":\"Filzfabrik Gustav Neumann GmbH\",\"description\":\"\",\"publisher\":{\"@id\":\"https:\\\/\\\/www.neufilz.de\\\/#organization\"},\"potentialAction\":[{\"@type\":\"SearchAction\",\"target\":{\"@type\":\"EntryPoint\",\"urlTemplate\":\"https:\\\/\\\/www.neufilz.de\\\/?s={search_term_string}\"},\"query-input\":{\"@type\":\"PropertyValueSpecification\",\"valueRequired\":true,\"valueName\":\"search_term_string\"}}],\"inLanguage\":\"fr-FR\"},{\"@type\":\"Organization\",\"@id\":\"https:\\\/\\\/www.neufilz.de\\\/#organization\",\"name\":\"Filzfabrik Gustav Neumann GmbH\",\"url\":\"https:\\\/\\\/www.neufilz.de\\\/\",\"logo\":{\"@type\":\"ImageObject\",\"inLanguage\":\"fr-FR\",\"@id\":\"https:\\\/\\\/www.neufilz.de\\\/#\\\/schema\\\/logo\\\/image\\\/\",\"url\":\"https:\\\/\\\/www.neufilz.de\\\/wp-content\\\/uploads\\\/2018\\\/05\\\/FilzNeumann_Logo.svg\",\"contentUrl\":\"https:\\\/\\\/www.neufilz.de\\\/wp-content\\\/uploads\\\/2018\\\/05\\\/FilzNeumann_Logo.svg\",\"width\":75.12,\"height\":96.94,\"caption\":\"Filzfabrik Gustav Neumann GmbH\"},\"image\":{\"@id\":\"https:\\\/\\\/www.neufilz.de\\\/#\\\/schema\\\/logo\\\/image\\\/\"}}]}<\/script>\n<!-- \/ Yoast SEO plugin. -->","yoast_head_json":{"title":"Applications - Filzfabrik Gustav Neumann GmbH","robots":{"index":"index","follow":"follow","max-snippet":"max-snippet:-1","max-image-preview":"max-image-preview:large","max-video-preview":"max-video-preview:-1"},"canonical":"https:\/\/www.neufilz.de\/filz\/anwendungen\/","og_locale":"fr_FR","og_type":"article","og_title":"Applications - Filzfabrik Gustav Neumann GmbH","og_url":"https:\/\/www.neufilz.de\/filz\/anwendungen\/","og_site_name":"Filzfabrik Gustav Neumann GmbH","article_modified_time":"2019-06-26T08:35:07+00:00","og_image":[{"url":"https:\/\/www.neufilz.de\/wp-content\/uploads\/2018\/06\/Anwendungen_DE.png","type":"","width":"","height":""}],"twitter_card":"summary_large_image","twitter_misc":{"Est. reading time":"3 minutes"},"schema":{"@context":"https:\/\/schema.org","@graph":[{"@type":"WebPage","@id":"https:\/\/www.neufilz.de\/filz\/anwendungen\/","url":"https:\/\/www.neufilz.de\/filz\/anwendungen\/","name":"Applications - Filzfabrik Gustav Neumann GmbH","isPartOf":{"@id":"https:\/\/www.neufilz.de\/#website"},"primaryImageOfPage":{"@id":"https:\/\/www.neufilz.de\/filz\/anwendungen\/#primaryimage"},"image":{"@id":"https:\/\/www.neufilz.de\/filz\/anwendungen\/#primaryimage"},"thumbnailUrl":"https:\/\/www.neufilz.de\/wp-content\/uploads\/2018\/06\/Anwendungen_DE.png","datePublished":"2018-03-27T13:42:35+00:00","dateModified":"2019-06-26T08:35:07+00:00","breadcrumb":{"@id":"https:\/\/www.neufilz.de\/filz\/anwendungen\/#breadcrumb"},"inLanguage":"fr-FR","potentialAction":[{"@type":"ReadAction","target":["https:\/\/www.neufilz.de\/filz\/anwendungen\/"]}]},{"@type":"ImageObject","inLanguage":"fr-FR","@id":"https:\/\/www.neufilz.de\/filz\/anwendungen\/#primaryimage","url":"https:\/\/www.neufilz.de\/wp-content\/uploads\/2018\/06\/Anwendungen_DE.png","contentUrl":"https:\/\/www.neufilz.de\/wp-content\/uploads\/2018\/06\/Anwendungen_DE.png"},{"@type":"BreadcrumbList","@id":"https:\/\/www.neufilz.de\/filz\/anwendungen\/#breadcrumb","itemListElement":[{"@type":"ListItem","position":1,"name":"Startseite","item":"https:\/\/www.neufilz.de\/"},{"@type":"ListItem","position":2,"name":"Filz","item":"https:\/\/www.neufilz.de\/filz\/"},{"@type":"ListItem","position":3,"name":"Anwendungen"}]},{"@type":"WebSite","@id":"https:\/\/www.neufilz.de\/#website","url":"https:\/\/www.neufilz.de\/","name":"Filzfabrik Gustav Neumann GmbH","description":"","publisher":{"@id":"https:\/\/www.neufilz.de\/#organization"},"potentialAction":[{"@type":"SearchAction","target":{"@type":"EntryPoint","urlTemplate":"https:\/\/www.neufilz.de\/?s={search_term_string}"},"query-input":{"@type":"PropertyValueSpecification","valueRequired":true,"valueName":"search_term_string"}}],"inLanguage":"fr-FR"},{"@type":"Organization","@id":"https:\/\/www.neufilz.de\/#organization","name":"Filzfabrik Gustav Neumann GmbH","url":"https:\/\/www.neufilz.de\/","logo":{"@type":"ImageObject","inLanguage":"fr-FR","@id":"https:\/\/www.neufilz.de\/#\/schema\/logo\/image\/","url":"https:\/\/www.neufilz.de\/wp-content\/uploads\/2018\/05\/FilzNeumann_Logo.svg","contentUrl":"https:\/\/www.neufilz.de\/wp-content\/uploads\/2018\/05\/FilzNeumann_Logo.svg","width":75.12,"height":96.94,"caption":"Filzfabrik Gustav Neumann GmbH"},"image":{"@id":"https:\/\/www.neufilz.de\/#\/schema\/logo\/image\/"}}]}},"_links":{"self":[{"href":"https:\/\/www.neufilz.de\/fr\/wp-json\/wp\/v2\/pages\/54","targetHints":{"allow":["GET"]}}],"collection":[{"href":"https:\/\/www.neufilz.de\/fr\/wp-json\/wp\/v2\/pages"}],"about":[{"href":"https:\/\/www.neufilz.de\/fr\/wp-json\/wp\/v2\/types\/page"}],"author":[{"embeddable":true,"href":"https:\/\/www.neufilz.de\/fr\/wp-json\/wp\/v2\/users\/1"}],"replies":[{"embeddable":true,"href":"https:\/\/www.neufilz.de\/fr\/wp-json\/wp\/v2\/comments?post=54"}],"version-history":[{"count":14,"href":"https:\/\/www.neufilz.de\/fr\/wp-json\/wp\/v2\/pages\/54\/revisions"}],"predecessor-version":[{"id":2477,"href":"https:\/\/www.neufilz.de\/fr\/wp-json\/wp\/v2\/pages\/54\/revisions\/2477"}],"up":[{"embeddable":true,"href":"https:\/\/www.neufilz.de\/fr\/wp-json\/wp\/v2\/pages\/665"}],"wp:attachment":[{"href":"https:\/\/www.neufilz.de\/fr\/wp-json\/wp\/v2\/media?parent=54"}],"curies":[{"name":"wp","href":"https:\/\/api.w.org\/{rel}","templated":true}]}}