{"id":705,"date":"2018-04-04T13:53:19","date_gmt":"2018-04-04T11:53:19","guid":{"rendered":"https:\/\/www.neufilz.de\/?page_id=705"},"modified":"2019-09-26T08:52:52","modified_gmt":"2019-09-26T06:52:52","slug":"herstellung-veredelung","status":"publish","type":"page","link":"https:\/\/www.neufilz.de\/fr\/filz\/herstellung-veredelung\/","title":{"rendered":"Production\/Finition"},"content":{"rendered":"<p>Entre-temps, il existe de nombreux proc\u00e9d\u00e9s de fabrication diff\u00e9rents, partiellement combin\u00e9s. Traditionnellement, les feutres techniques sont divis\u00e9s en feutres de laine et feutres aiguillet\u00e9s.<\/p>\n<p>Les proc\u00e9d\u00e9s de fabrication des feutres sont fondamentalement diff\u00e9rents, bien que le proc\u00e9d\u00e9 de fabrication des feutres de laine n&#8217;ait pas chang\u00e9 en principe depuis des milliers d&#8217;ann\u00e9es. N\u00e9anmoins, il vaut toujours que les \u00e9tapes importantes du processus restent cach\u00e9es sans avoir l\u2019exp\u00e9rience n\u00e9cessaire.<\/p>\n","protected":false},"excerpt":{"rendered":"<p>Entre-temps, il existe de nombreux proc\u00e9d\u00e9s de fabrication diff\u00e9rents, partiellement combin\u00e9s. Traditionnellement, les feutres techniques sont divis\u00e9s en feutres de laine et feutres aiguillet\u00e9s. Les proc\u00e9d\u00e9s de fabrication des feutres sont fondamentalement diff\u00e9rents, bien que le proc\u00e9d\u00e9 de fabrication des feutres de laine n&#8217;ait pas chang\u00e9 en principe depuis des milliers d&#8217;ann\u00e9es. N\u00e9anmoins, il vaut [&hellip;]<\/p>\n","protected":false},"author":1,"featured_media":437,"parent":665,"menu_order":0,"comment_status":"closed","ping_status":"closed","template":"page-tmpl-articlelist.php","meta":{"_acf_changed":false,"footnotes":""},"class_list":["post-705","page","type-page","status-publish","has-post-thumbnail","hentry"],"translation":{"provider":"WPGlobus","version":"3.0.2","language":"fr","enabled_languages":["de","en","fr"],"languages":{"de":{"title":true,"content":true,"excerpt":false},"en":{"title":true,"content":true,"excerpt":false},"fr":{"title":true,"content":true,"excerpt":false}}},"acf":[],"yoast_head":"<!-- This site is optimized with the Yoast SEO plugin v27.5 - https:\/\/yoast.com\/product\/yoast-seo-wordpress\/ -->\n<title>Production\/Finition - Filzfabrik Gustav Neumann GmbH<\/title>\n<meta name=\"robots\" content=\"index, follow, max-snippet:-1, max-image-preview:large, max-video-preview:-1\" \/>\n<link rel=\"canonical\" href=\"https:\/\/www.neufilz.de\/filz\/herstellung-veredelung\/\" \/>\n<meta property=\"og:locale\" content=\"fr_FR\" \/>\n<meta property=\"og:type\" content=\"article\" \/>\n<meta property=\"og:title\" content=\"Production\/Finition - Filzfabrik Gustav Neumann GmbH\" \/>\n<meta property=\"og:url\" content=\"https:\/\/www.neufilz.de\/filz\/herstellung-veredelung\/\" \/>\n<meta property=\"og:site_name\" content=\"Filzfabrik Gustav Neumann GmbH\" \/>\n<meta property=\"article:modified_time\" content=\"2019-09-26T06:52:52+00:00\" \/>\n<meta property=\"og:image\" content=\"https:\/\/www.neufilz.de\/wp-content\/uploads\/2018\/04\/Schafe-01.jpg\" \/>\n\t<meta property=\"og:image:width\" content=\"1900\" \/>\n\t<meta property=\"og:image:height\" content=\"1425\" \/>\n\t<meta property=\"og:image:type\" content=\"image\/jpeg\" \/>\n<meta name=\"twitter:card\" content=\"summary_large_image\" \/>\n<meta name=\"twitter:label1\" content=\"Est. reading time\" \/>\n\t<meta name=\"twitter:data1\" content=\"1 minute\" \/>\n<script type=\"application\/ld+json\" class=\"yoast-schema-graph\">{\"@context\":\"https:\\\/\\\/schema.org\",\"@graph\":[{\"@type\":\"WebPage\",\"@id\":\"https:\\\/\\\/www.neufilz.de\\\/filz\\\/herstellung-veredelung\\\/\",\"url\":\"https:\\\/\\\/www.neufilz.de\\\/filz\\\/herstellung-veredelung\\\/\",\"name\":\"Production\\\/Finition - Filzfabrik Gustav Neumann GmbH\",\"isPartOf\":{\"@id\":\"https:\\\/\\\/www.neufilz.de\\\/#website\"},\"primaryImageOfPage\":{\"@id\":\"https:\\\/\\\/www.neufilz.de\\\/filz\\\/herstellung-veredelung\\\/#primaryimage\"},\"image\":{\"@id\":\"https:\\\/\\\/www.neufilz.de\\\/filz\\\/herstellung-veredelung\\\/#primaryimage\"},\"thumbnailUrl\":\"https:\\\/\\\/www.neufilz.de\\\/wp-content\\\/uploads\\\/2018\\\/04\\\/Schafe-01.jpg\",\"datePublished\":\"2018-04-04T11:53:19+00:00\",\"dateModified\":\"2019-09-26T06:52:52+00:00\",\"breadcrumb\":{\"@id\":\"https:\\\/\\\/www.neufilz.de\\\/filz\\\/herstellung-veredelung\\\/#breadcrumb\"},\"inLanguage\":\"fr-FR\",\"potentialAction\":[{\"@type\":\"ReadAction\",\"target\":[\"https:\\\/\\\/www.neufilz.de\\\/filz\\\/herstellung-veredelung\\\/\"]}]},{\"@type\":\"ImageObject\",\"inLanguage\":\"fr-FR\",\"@id\":\"https:\\\/\\\/www.neufilz.de\\\/filz\\\/herstellung-veredelung\\\/#primaryimage\",\"url\":\"https:\\\/\\\/www.neufilz.de\\\/wp-content\\\/uploads\\\/2018\\\/04\\\/Schafe-01.jpg\",\"contentUrl\":\"https:\\\/\\\/www.neufilz.de\\\/wp-content\\\/uploads\\\/2018\\\/04\\\/Schafe-01.jpg\",\"width\":1900,\"height\":1425,\"caption\":\"{:de}Schafe{:}{:en}Sheep{:}\"},{\"@type\":\"BreadcrumbList\",\"@id\":\"https:\\\/\\\/www.neufilz.de\\\/filz\\\/herstellung-veredelung\\\/#breadcrumb\",\"itemListElement\":[{\"@type\":\"ListItem\",\"position\":1,\"name\":\"Startseite\",\"item\":\"https:\\\/\\\/www.neufilz.de\\\/\"},{\"@type\":\"ListItem\",\"position\":2,\"name\":\"Filz\",\"item\":\"https:\\\/\\\/www.neufilz.de\\\/filz\\\/\"},{\"@type\":\"ListItem\",\"position\":3,\"name\":\"Herstellung\\\/Veredelung\"}]},{\"@type\":\"WebSite\",\"@id\":\"https:\\\/\\\/www.neufilz.de\\\/#website\",\"url\":\"https:\\\/\\\/www.neufilz.de\\\/\",\"name\":\"Filzfabrik Gustav Neumann GmbH\",\"description\":\"\",\"publisher\":{\"@id\":\"https:\\\/\\\/www.neufilz.de\\\/#organization\"},\"potentialAction\":[{\"@type\":\"SearchAction\",\"target\":{\"@type\":\"EntryPoint\",\"urlTemplate\":\"https:\\\/\\\/www.neufilz.de\\\/?s={search_term_string}\"},\"query-input\":{\"@type\":\"PropertyValueSpecification\",\"valueRequired\":true,\"valueName\":\"search_term_string\"}}],\"inLanguage\":\"fr-FR\"},{\"@type\":\"Organization\",\"@id\":\"https:\\\/\\\/www.neufilz.de\\\/#organization\",\"name\":\"Filzfabrik Gustav Neumann GmbH\",\"url\":\"https:\\\/\\\/www.neufilz.de\\\/\",\"logo\":{\"@type\":\"ImageObject\",\"inLanguage\":\"fr-FR\",\"@id\":\"https:\\\/\\\/www.neufilz.de\\\/#\\\/schema\\\/logo\\\/image\\\/\",\"url\":\"https:\\\/\\\/www.neufilz.de\\\/wp-content\\\/uploads\\\/2018\\\/05\\\/FilzNeumann_Logo.svg\",\"contentUrl\":\"https:\\\/\\\/www.neufilz.de\\\/wp-content\\\/uploads\\\/2018\\\/05\\\/FilzNeumann_Logo.svg\",\"width\":75.12,\"height\":96.94,\"caption\":\"Filzfabrik Gustav Neumann GmbH\"},\"image\":{\"@id\":\"https:\\\/\\\/www.neufilz.de\\\/#\\\/schema\\\/logo\\\/image\\\/\"}}]}<\/script>\n<!-- \/ Yoast SEO plugin. -->","yoast_head_json":{"title":"Production\/Finition - Filzfabrik Gustav Neumann GmbH","robots":{"index":"index","follow":"follow","max-snippet":"max-snippet:-1","max-image-preview":"max-image-preview:large","max-video-preview":"max-video-preview:-1"},"canonical":"https:\/\/www.neufilz.de\/filz\/herstellung-veredelung\/","og_locale":"fr_FR","og_type":"article","og_title":"Production\/Finition - Filzfabrik Gustav Neumann GmbH","og_url":"https:\/\/www.neufilz.de\/filz\/herstellung-veredelung\/","og_site_name":"Filzfabrik Gustav Neumann GmbH","article_modified_time":"2019-09-26T06:52:52+00:00","og_image":[{"width":1900,"height":1425,"url":"https:\/\/www.neufilz.de\/wp-content\/uploads\/2018\/04\/Schafe-01.jpg","type":"image\/jpeg"}],"twitter_card":"summary_large_image","twitter_misc":{"Est. reading time":"1 minute"},"schema":{"@context":"https:\/\/schema.org","@graph":[{"@type":"WebPage","@id":"https:\/\/www.neufilz.de\/filz\/herstellung-veredelung\/","url":"https:\/\/www.neufilz.de\/filz\/herstellung-veredelung\/","name":"Production\/Finition - Filzfabrik Gustav Neumann GmbH","isPartOf":{"@id":"https:\/\/www.neufilz.de\/#website"},"primaryImageOfPage":{"@id":"https:\/\/www.neufilz.de\/filz\/herstellung-veredelung\/#primaryimage"},"image":{"@id":"https:\/\/www.neufilz.de\/filz\/herstellung-veredelung\/#primaryimage"},"thumbnailUrl":"https:\/\/www.neufilz.de\/wp-content\/uploads\/2018\/04\/Schafe-01.jpg","datePublished":"2018-04-04T11:53:19+00:00","dateModified":"2019-09-26T06:52:52+00:00","breadcrumb":{"@id":"https:\/\/www.neufilz.de\/filz\/herstellung-veredelung\/#breadcrumb"},"inLanguage":"fr-FR","potentialAction":[{"@type":"ReadAction","target":["https:\/\/www.neufilz.de\/filz\/herstellung-veredelung\/"]}]},{"@type":"ImageObject","inLanguage":"fr-FR","@id":"https:\/\/www.neufilz.de\/filz\/herstellung-veredelung\/#primaryimage","url":"https:\/\/www.neufilz.de\/wp-content\/uploads\/2018\/04\/Schafe-01.jpg","contentUrl":"https:\/\/www.neufilz.de\/wp-content\/uploads\/2018\/04\/Schafe-01.jpg","width":1900,"height":1425,"caption":"{:de}Schafe{:}{:en}Sheep{:}"},{"@type":"BreadcrumbList","@id":"https:\/\/www.neufilz.de\/filz\/herstellung-veredelung\/#breadcrumb","itemListElement":[{"@type":"ListItem","position":1,"name":"Startseite","item":"https:\/\/www.neufilz.de\/"},{"@type":"ListItem","position":2,"name":"Filz","item":"https:\/\/www.neufilz.de\/filz\/"},{"@type":"ListItem","position":3,"name":"Herstellung\/Veredelung"}]},{"@type":"WebSite","@id":"https:\/\/www.neufilz.de\/#website","url":"https:\/\/www.neufilz.de\/","name":"Filzfabrik Gustav Neumann GmbH","description":"","publisher":{"@id":"https:\/\/www.neufilz.de\/#organization"},"potentialAction":[{"@type":"SearchAction","target":{"@type":"EntryPoint","urlTemplate":"https:\/\/www.neufilz.de\/?s={search_term_string}"},"query-input":{"@type":"PropertyValueSpecification","valueRequired":true,"valueName":"search_term_string"}}],"inLanguage":"fr-FR"},{"@type":"Organization","@id":"https:\/\/www.neufilz.de\/#organization","name":"Filzfabrik Gustav Neumann GmbH","url":"https:\/\/www.neufilz.de\/","logo":{"@type":"ImageObject","inLanguage":"fr-FR","@id":"https:\/\/www.neufilz.de\/#\/schema\/logo\/image\/","url":"https:\/\/www.neufilz.de\/wp-content\/uploads\/2018\/05\/FilzNeumann_Logo.svg","contentUrl":"https:\/\/www.neufilz.de\/wp-content\/uploads\/2018\/05\/FilzNeumann_Logo.svg","width":75.12,"height":96.94,"caption":"Filzfabrik Gustav Neumann GmbH"},"image":{"@id":"https:\/\/www.neufilz.de\/#\/schema\/logo\/image\/"}}]}},"_links":{"self":[{"href":"https:\/\/www.neufilz.de\/fr\/wp-json\/wp\/v2\/pages\/705","targetHints":{"allow":["GET"]}}],"collection":[{"href":"https:\/\/www.neufilz.de\/fr\/wp-json\/wp\/v2\/pages"}],"about":[{"href":"https:\/\/www.neufilz.de\/fr\/wp-json\/wp\/v2\/types\/page"}],"author":[{"embeddable":true,"href":"https:\/\/www.neufilz.de\/fr\/wp-json\/wp\/v2\/users\/1"}],"replies":[{"embeddable":true,"href":"https:\/\/www.neufilz.de\/fr\/wp-json\/wp\/v2\/comments?post=705"}],"version-history":[{"count":34,"href":"https:\/\/www.neufilz.de\/fr\/wp-json\/wp\/v2\/pages\/705\/revisions"}],"predecessor-version":[{"id":2515,"href":"https:\/\/www.neufilz.de\/fr\/wp-json\/wp\/v2\/pages\/705\/revisions\/2515"}],"up":[{"embeddable":true,"href":"https:\/\/www.neufilz.de\/fr\/wp-json\/wp\/v2\/pages\/665"}],"wp:featuredmedia":[{"embeddable":true,"href":"https:\/\/www.neufilz.de\/fr\/wp-json\/wp\/v2\/media\/437"}],"wp:attachment":[{"href":"https:\/\/www.neufilz.de\/fr\/wp-json\/wp\/v2\/media?parent=705"}],"curies":[{"name":"wp","href":"https:\/\/api.w.org\/{rel}","templated":true}]}}