{"id":74,"date":"2018-03-27T15:47:46","date_gmt":"2018-03-27T13:47:46","guid":{"rendered":"https:\/\/www.neufilz.de\/?page_id=74"},"modified":"2019-10-29T09:32:00","modified_gmt":"2019-10-29T08:32:00","slug":"impressum","status":"publish","type":"page","link":"https:\/\/www.neufilz.de\/fr\/impressum\/","title":{"rendered":"Impressum"},"content":{"rendered":"<p><strong>Contenu<\/strong><\/p>\n<p>La Filzfabrik Gustav Neumann GmbH s&#8217;efforce toujours de ne publier sur ce site Web que des contenus actuels, utiles et factuellement corrects. N\u00e9anmoins, nous n&#8217;assumons aucune garantie quant \u00e0 l&#8217;actualit\u00e9, l&#8217;exactitude, l&#8217;exhaustivit\u00e9 ou la qualit\u00e9 des informations mises \u00e0 disposition. Les r\u00e9clamations de responsabilit\u00e9 contre la Filzfabrik Gustav Neumann GmbH, qui ont \u00e9t\u00e9 caus\u00e9es par l&#8217;utilisation ou la non-utilisation des informations fournies ou par l&#8217;utilisation d&#8217;informations incorrectes et incompl\u00e8tes, sont g\u00e9n\u00e9ralement exclues, sauf s&#8217;il peut \u00eatre prouv\u00e9 que la Filzfabrik Gustav Neumann GmbH a agi intentionnellement ou par n\u00e9gligence grave.<\/p>\n<p>Toutes les offres sont sans engagement et non-contractuelles.<\/p>\n<p>La Filzfabrik Gustav Neumann GmbH se r\u00e9serve express\u00e9ment le droit de modifier, compl\u00e9ter ou supprimer des parties des pages ou l&#8217;ensemble de l&#8217;offre sans annonce s\u00e9par\u00e9e ou de cesser temporairement ou d\u00e9finitivement la publication.<\/p>\n<p><strong>Liens hypertexte<\/strong><\/p>\n<p>La Filzfabrik Gustav Neumann GmbH n&#8217;est pas responsable du contenu des pages Internet externes qui se trouvent en dehors de notre zone de responsabilit\u00e9 et qui ne peuvent \u00eatre atteintes que par un lien hypertexte \u00e0 partir de notre site Internet.<\/p>\n<p>Nous d\u00e9clarons express\u00e9ment qu&#8217;au moment de la mise en place des liens, les pages Internet li\u00e9es \u00e9taient exemptes de contenus ill\u00e9gaux et nous nous dissocions de tous les contenus des pages Internet externes li\u00e9es qui ont \u00e9t\u00e9 modifi\u00e9s apr\u00e8s la mise en place du lien. Cette d\u00e9claration s&#8217;applique \u00e0 tous les liens et r\u00e9f\u00e9rences de notre offre Internet ainsi qu&#8217;aux entr\u00e9es externes dans nos \u00e9ventuels livres d&#8217;or, forums de discussion et listes de diffusion.<\/p>\n<p>Veuillez nous informer imm\u00e9diatement si vous pensez qu&#8217;un site Web li\u00e9 contient des contenus ill\u00e9gaux, offensants ou anticoncurrentiels, afin que nous puissions v\u00e9rifier les faits et supprimer le lien si n\u00e9cessaire :<\/p>\n<p>T\u00e9l\u00e9phone : 0531-24284-0 ou par courriel : info@neufilz.de<\/p>\n<p><strong>Droits d\u2018auteur<\/strong><\/p>\n<p>La Filzfabrik Gustav Neumann GmbH s&#8217;efforce de respecter les dispositions du droit d&#8217;auteur dans toutes les publications. Sauf indication contraire, le contenu de ce site Web est du mat\u00e9riel sans licence ou du contenu cr\u00e9\u00e9 par La Filzfabrik Gustav Neumann GmbH elle-m\u00eame. Les contenus de tiers sont express\u00e9ment signal\u00e9s par des mentions de copyright ou des r\u00e9f\u00e9rences \u00e0 l&#8217;auteur.<\/p>\n<p>Toutes les autres marques et marques d\u00e9pos\u00e9es mentionn\u00e9es dans notre offre Internet et \u00e9ventuellement prot\u00e9g\u00e9es par des tiers sont soumises sans restriction aux dispositions du droit des marques et aux droits de propri\u00e9t\u00e9 des propri\u00e9taires enregistr\u00e9s respectifs. La simple mention ne doit pas conduire \u00e0 la conclusion que les marques ne sont pas prot\u00e9g\u00e9es par les droits de tiers !<\/p>\n<p>Les droits d&#8217;auteur pour les objets publi\u00e9s cr\u00e9\u00e9s par La Filzfabrik Gustav Neumann GmbH restent la propri\u00e9t\u00e9 exclusive de La Filzfabrik Gustav Neumann GmbH. La reproduction ou l&#8217;utilisation de tels graphiques, documents sonores, s\u00e9quences vid\u00e9o et textes dans d&#8217;autres publications \u00e9lectroniques ou imprim\u00e9es n&#8217;est pas autoris\u00e9e sans l&#8217;autorisation expresse pr\u00e9alable de La Filzfabrik Gustav Neumann GmbH.<\/p>\n<p><strong>Validit\u00e9 juridique<\/strong><\/p>\n<p>Cette mention doit \u00eatre consid\u00e9r\u00e9e comme faisant partie de l&#8217;offre Internet \u00e0 partir de laquelle il a \u00e9t\u00e9 renvoy\u00e9 \u00e0 cette page. Si des sections ou des termes individuels de cette d\u00e9claration ne sont pas l\u00e9gaux ou corrects, le contenu ou la validit\u00e9 des autres parties n&#8217;en est pas influenc\u00e9.<\/p>\n<p><strong>Impressum<\/strong><\/p>\n<p><span lang=\"fr\">Responsable du contenu\u00a0<\/span>:<\/p>\n<p><strong>Filzfabrik Gustav Neumann GmbH<\/strong><\/p>\n<p>Direction : Jasper Brand<br \/>\nFallersleber-Tor-Wall 7-9<br \/>\nD &#8211; 38100 Braunschweig<br \/>\nD E U T S C H L A N D<br \/>\nE-Mail : info@neufilz.de<\/p>\n<p>HR B 2731, Amtsgericht Braunschweig<br \/>\nUst.IDNr. DE 811 663 461<\/p>\n","protected":false},"excerpt":{"rendered":"<p>Contenu La Filzfabrik Gustav Neumann GmbH s&#8217;efforce toujours de ne publier sur ce site Web que des contenus actuels, utiles et factuellement corrects. N\u00e9anmoins, nous n&#8217;assumons aucune garantie quant \u00e0 l&#8217;actualit\u00e9, l&#8217;exactitude, l&#8217;exhaustivit\u00e9 ou la qualit\u00e9 des informations mises \u00e0 disposition. Les r\u00e9clamations de responsabilit\u00e9 contre la Filzfabrik Gustav Neumann GmbH, qui ont \u00e9t\u00e9 caus\u00e9es [&hellip;]<\/p>\n","protected":false},"author":1,"featured_media":0,"parent":0,"menu_order":0,"comment_status":"closed","ping_status":"closed","template":"","meta":{"_acf_changed":false,"footnotes":""},"class_list":["post-74","page","type-page","status-publish","hentry"],"translation":{"provider":"WPGlobus","version":"3.0.2","language":"fr","enabled_languages":["de","en","fr"],"languages":{"de":{"title":true,"content":true,"excerpt":false},"en":{"title":true,"content":true,"excerpt":false},"fr":{"title":true,"content":true,"excerpt":false}}},"acf":[],"yoast_head":"<!-- This site is optimized with the Yoast SEO plugin v27.5 - https:\/\/yoast.com\/product\/yoast-seo-wordpress\/ -->\n<title>Impressum - Filzfabrik Gustav Neumann GmbH<\/title>\n<meta name=\"robots\" content=\"index, follow, max-snippet:-1, max-image-preview:large, max-video-preview:-1\" \/>\n<link rel=\"canonical\" href=\"https:\/\/www.neufilz.de\/impressum\/\" \/>\n<meta property=\"og:locale\" content=\"fr_FR\" \/>\n<meta property=\"og:type\" content=\"article\" \/>\n<meta property=\"og:title\" content=\"Impressum - Filzfabrik Gustav Neumann GmbH\" \/>\n<meta property=\"og:url\" content=\"https:\/\/www.neufilz.de\/impressum\/\" \/>\n<meta property=\"og:site_name\" content=\"Filzfabrik Gustav Neumann GmbH\" \/>\n<meta property=\"article:modified_time\" content=\"2019-10-29T08:32:00+00:00\" \/>\n<meta name=\"twitter:card\" content=\"summary_large_image\" \/>\n<meta name=\"twitter:label1\" content=\"Est. reading time\" \/>\n\t<meta name=\"twitter:data1\" content=\"10 minutes\" \/>\n<script type=\"application\/ld+json\" class=\"yoast-schema-graph\">{\"@context\":\"https:\\\/\\\/schema.org\",\"@graph\":[{\"@type\":\"WebPage\",\"@id\":\"https:\\\/\\\/www.neufilz.de\\\/impressum\\\/\",\"url\":\"https:\\\/\\\/www.neufilz.de\\\/impressum\\\/\",\"name\":\"Impressum - Filzfabrik Gustav Neumann GmbH\",\"isPartOf\":{\"@id\":\"https:\\\/\\\/www.neufilz.de\\\/#website\"},\"datePublished\":\"2018-03-27T13:47:46+00:00\",\"dateModified\":\"2019-10-29T08:32:00+00:00\",\"breadcrumb\":{\"@id\":\"https:\\\/\\\/www.neufilz.de\\\/impressum\\\/#breadcrumb\"},\"inLanguage\":\"fr-FR\",\"potentialAction\":[{\"@type\":\"ReadAction\",\"target\":[\"https:\\\/\\\/www.neufilz.de\\\/impressum\\\/\"]}]},{\"@type\":\"BreadcrumbList\",\"@id\":\"https:\\\/\\\/www.neufilz.de\\\/impressum\\\/#breadcrumb\",\"itemListElement\":[{\"@type\":\"ListItem\",\"position\":1,\"name\":\"Startseite\",\"item\":\"https:\\\/\\\/www.neufilz.de\\\/\"},{\"@type\":\"ListItem\",\"position\":2,\"name\":\"Impressum\"}]},{\"@type\":\"WebSite\",\"@id\":\"https:\\\/\\\/www.neufilz.de\\\/#website\",\"url\":\"https:\\\/\\\/www.neufilz.de\\\/\",\"name\":\"Filzfabrik Gustav Neumann GmbH\",\"description\":\"\",\"publisher\":{\"@id\":\"https:\\\/\\\/www.neufilz.de\\\/#organization\"},\"potentialAction\":[{\"@type\":\"SearchAction\",\"target\":{\"@type\":\"EntryPoint\",\"urlTemplate\":\"https:\\\/\\\/www.neufilz.de\\\/?s={search_term_string}\"},\"query-input\":{\"@type\":\"PropertyValueSpecification\",\"valueRequired\":true,\"valueName\":\"search_term_string\"}}],\"inLanguage\":\"fr-FR\"},{\"@type\":\"Organization\",\"@id\":\"https:\\\/\\\/www.neufilz.de\\\/#organization\",\"name\":\"Filzfabrik Gustav Neumann GmbH\",\"url\":\"https:\\\/\\\/www.neufilz.de\\\/\",\"logo\":{\"@type\":\"ImageObject\",\"inLanguage\":\"fr-FR\",\"@id\":\"https:\\\/\\\/www.neufilz.de\\\/#\\\/schema\\\/logo\\\/image\\\/\",\"url\":\"https:\\\/\\\/www.neufilz.de\\\/wp-content\\\/uploads\\\/2018\\\/05\\\/FilzNeumann_Logo.svg\",\"contentUrl\":\"https:\\\/\\\/www.neufilz.de\\\/wp-content\\\/uploads\\\/2018\\\/05\\\/FilzNeumann_Logo.svg\",\"width\":75.12,\"height\":96.94,\"caption\":\"Filzfabrik Gustav Neumann GmbH\"},\"image\":{\"@id\":\"https:\\\/\\\/www.neufilz.de\\\/#\\\/schema\\\/logo\\\/image\\\/\"}}]}<\/script>\n<!-- \/ Yoast SEO plugin. -->","yoast_head_json":{"title":"Impressum - Filzfabrik Gustav Neumann GmbH","robots":{"index":"index","follow":"follow","max-snippet":"max-snippet:-1","max-image-preview":"max-image-preview:large","max-video-preview":"max-video-preview:-1"},"canonical":"https:\/\/www.neufilz.de\/impressum\/","og_locale":"fr_FR","og_type":"article","og_title":"Impressum - Filzfabrik Gustav Neumann GmbH","og_url":"https:\/\/www.neufilz.de\/impressum\/","og_site_name":"Filzfabrik Gustav Neumann GmbH","article_modified_time":"2019-10-29T08:32:00+00:00","twitter_card":"summary_large_image","twitter_misc":{"Est. reading time":"10 minutes"},"schema":{"@context":"https:\/\/schema.org","@graph":[{"@type":"WebPage","@id":"https:\/\/www.neufilz.de\/impressum\/","url":"https:\/\/www.neufilz.de\/impressum\/","name":"Impressum - Filzfabrik Gustav Neumann GmbH","isPartOf":{"@id":"https:\/\/www.neufilz.de\/#website"},"datePublished":"2018-03-27T13:47:46+00:00","dateModified":"2019-10-29T08:32:00+00:00","breadcrumb":{"@id":"https:\/\/www.neufilz.de\/impressum\/#breadcrumb"},"inLanguage":"fr-FR","potentialAction":[{"@type":"ReadAction","target":["https:\/\/www.neufilz.de\/impressum\/"]}]},{"@type":"BreadcrumbList","@id":"https:\/\/www.neufilz.de\/impressum\/#breadcrumb","itemListElement":[{"@type":"ListItem","position":1,"name":"Startseite","item":"https:\/\/www.neufilz.de\/"},{"@type":"ListItem","position":2,"name":"Impressum"}]},{"@type":"WebSite","@id":"https:\/\/www.neufilz.de\/#website","url":"https:\/\/www.neufilz.de\/","name":"Filzfabrik Gustav Neumann GmbH","description":"","publisher":{"@id":"https:\/\/www.neufilz.de\/#organization"},"potentialAction":[{"@type":"SearchAction","target":{"@type":"EntryPoint","urlTemplate":"https:\/\/www.neufilz.de\/?s={search_term_string}"},"query-input":{"@type":"PropertyValueSpecification","valueRequired":true,"valueName":"search_term_string"}}],"inLanguage":"fr-FR"},{"@type":"Organization","@id":"https:\/\/www.neufilz.de\/#organization","name":"Filzfabrik Gustav Neumann GmbH","url":"https:\/\/www.neufilz.de\/","logo":{"@type":"ImageObject","inLanguage":"fr-FR","@id":"https:\/\/www.neufilz.de\/#\/schema\/logo\/image\/","url":"https:\/\/www.neufilz.de\/wp-content\/uploads\/2018\/05\/FilzNeumann_Logo.svg","contentUrl":"https:\/\/www.neufilz.de\/wp-content\/uploads\/2018\/05\/FilzNeumann_Logo.svg","width":75.12,"height":96.94,"caption":"Filzfabrik Gustav Neumann GmbH"},"image":{"@id":"https:\/\/www.neufilz.de\/#\/schema\/logo\/image\/"}}]}},"_links":{"self":[{"href":"https:\/\/www.neufilz.de\/fr\/wp-json\/wp\/v2\/pages\/74","targetHints":{"allow":["GET"]}}],"collection":[{"href":"https:\/\/www.neufilz.de\/fr\/wp-json\/wp\/v2\/pages"}],"about":[{"href":"https:\/\/www.neufilz.de\/fr\/wp-json\/wp\/v2\/types\/page"}],"author":[{"embeddable":true,"href":"https:\/\/www.neufilz.de\/fr\/wp-json\/wp\/v2\/users\/1"}],"replies":[{"embeddable":true,"href":"https:\/\/www.neufilz.de\/fr\/wp-json\/wp\/v2\/comments?post=74"}],"version-history":[{"count":17,"href":"https:\/\/www.neufilz.de\/fr\/wp-json\/wp\/v2\/pages\/74\/revisions"}],"predecessor-version":[{"id":2527,"href":"https:\/\/www.neufilz.de\/fr\/wp-json\/wp\/v2\/pages\/74\/revisions\/2527"}],"wp:attachment":[{"href":"https:\/\/www.neufilz.de\/fr\/wp-json\/wp\/v2\/media?parent=74"}],"curies":[{"name":"wp","href":"https:\/\/api.w.org\/{rel}","templated":true}]}}